{"id":198,"date":"2021-08-17T10:37:25","date_gmt":"2021-08-17T10:37:25","guid":{"rendered":"https:\/\/karin-single.de\/?page_id=198"},"modified":"2021-08-18T18:45:50","modified_gmt":"2021-08-18T18:45:50","slug":"ziele","status":"publish","type":"page","link":"https:\/\/karin-single.de\/?page_id=198","title":{"rendered":"Meine Ziele"},"content":{"rendered":"\n<p><strong>Meine Samtgemeinde Meinersen soll mit mir die Mitgliedsgemeinden unterst\u00fctzen, um &#8230;<\/strong><\/p>\n\n\n\n<p><strong>familienfreundlich zu handeln<\/strong><\/p>\n\n\n\n<ul class=\"wp-block-list\"><li>St\u00e4rkung der Bildungslandschaft in allen Einrichtungen mit inklusiver Schwerpunktschule<\/li><li>Jugendbeirat mit eigenem Etat gr\u00fcnden<\/li><li>Bildungseinrichtungen mit L\u00fcftungsanlagen ausstatten, damit Betreuung und Unterricht stattfinden k\u00f6nnen<\/li><\/ul>\n\n\n\n<p><strong>Infrastruktur f\u00fcr alle zu schaffen<\/strong><\/p>\n\n\n\n<ul class=\"wp-block-list\"><li>\u00c4rzteversorgung sicherstellen<\/li><li>Pflege, Wohnen und Betreuung vor Ort gestalten <\/li><li>Busverbindungen den Bedarfen anpassen \u2013 B\u00fcrgerbus st\u00e4rken<\/li><li>Sich f\u00fcr bezahlbaren Wohnraum einsetzen<\/li><\/ul>\n\n\n\n<p><strong>nachhaltige Prozesse zu entwickeln<\/strong><\/p>\n\n\n\n<ul class=\"wp-block-list\"><li>Radwege und Ladestationen gef\u00f6rdert ausbauen<\/li><li>Umweltfreundliche Kommune werden<\/li><li>CO<sub>2 <\/sub>Minderung in allem kommunalen Handeln<\/li><\/ul>\n\n\n\n<p><strong>Digitalisierung voranzutreiben, um in der Zukunft stark zu sein<\/strong><\/p>\n\n\n\n<ul class=\"wp-block-list\"><li>Digitale Verwaltung<\/li><li>B\u00fcrokratische Prozesse verschlanken<\/li><li>B\u00fcrgerservice ausbauen, flexibel f\u00fcr die B\u00fcrger handeln<\/li><\/ul>\n\n\n\n<p><strong>Unternehmen zu f\u00f6rdern<\/strong><\/p>\n\n\n\n<ul class=\"wp-block-list\"><li>Gewerbegebiete attraktiv mit gemeinsamen Strategien entwickeln<\/li><li>Start-Ups f\u00f6rdern, Co-Working Zentren aufbauen<\/li><li>Regionale Produkte gemeinsam vermarkten<\/li><\/ul>\n\n\n\n<p><strong>an der Seite von Ehrenamtlichen zu sein<\/strong><\/p>\n\n\n\n<ul class=\"wp-block-list\"><li>Aufbau eines Kompetenznetzwerkes Ehrenamt zur Unterst\u00fctzung<\/li><li>Feuerwehren gut ausstatten<\/li><li>B\u00fcndelung von Ressourcen, damit das Ehrenamt nicht verloren geht<\/li><\/ul>\n\n\n\n<p><strong>den einzigartigen l\u00e4ndlichen Raum zu gestalten<\/strong><\/p>\n\n\n\n<ul class=\"wp-block-list\"><li>Lebendige Innenr\u00e4ume mit den D\u00f6rfern gemeinsam entwickeln<\/li><li>Bildungs- und Tagungsr\u00e4ume im Bestand entwickeln, mit den heimatlichen Kulturangeboten verbinden<\/li><li>Plattdeutsch als Heimatsprache in Kitas und Schulen ausbauen<\/li><\/ul>\n","protected":false},"excerpt":{"rendered":"<p>Meine Samtgemeinde Meinersen soll mit mir die Mitgliedsgemeinden unterst\u00fctzen, um &#8230; familienfreundlich zu handeln St\u00e4rkung der Bildungslandschaft in allen Einrichtungen mit inklusiver Schwerpunktschule Jugendbeirat mit eigenem Etat gr\u00fcnden Bildungseinrichtungen mit L\u00fcftungsanlagen ausstatten, damit Betreuung und Unterricht stattfinden k\u00f6nnen Infrastruktur f\u00fcr alle zu schaffen \u00c4rzteversorgung sicherstellen Pflege, Wohnen und Betreuung vor Ort gestalten Busverbindungen den Bedarfen [&hellip;]<\/p>\n","protected":false},"author":1,"featured_media":0,"parent":0,"menu_order":0,"comment_status":"closed","ping_status":"closed","template":"","meta":{"footnotes":""},"categories":[],"class_list":["post-198","page","type-page","status-publish","hentry"],"_links":{"self":[{"href":"https:\/\/karin-single.de\/index.php?rest_route=\/wp\/v2\/pages\/198","targetHints":{"allow":["GET"]}}],"collection":[{"href":"https:\/\/karin-single.de\/index.php?rest_route=\/wp\/v2\/pages"}],"about":[{"href":"https:\/\/karin-single.de\/index.php?rest_route=\/wp\/v2\/types\/page"}],"author":[{"embeddable":true,"href":"https:\/\/karin-single.de\/index.php?rest_route=\/wp\/v2\/users\/1"}],"replies":[{"embeddable":true,"href":"https:\/\/karin-single.de\/index.php?rest_route=%2Fwp%2Fv2%2Fcomments&post=198"}],"version-history":[{"count":3,"href":"https:\/\/karin-single.de\/index.php?rest_route=\/wp\/v2\/pages\/198\/revisions"}],"predecessor-version":[{"id":223,"href":"https:\/\/karin-single.de\/index.php?rest_route=\/wp\/v2\/pages\/198\/revisions\/223"}],"wp:attachment":[{"href":"https:\/\/karin-single.de\/index.php?rest_route=%2Fwp%2Fv2%2Fmedia&parent=198"}],"wp:term":[{"taxonomy":"category","embeddable":true,"href":"https:\/\/karin-single.de\/index.php?rest_route=%2Fwp%2Fv2%2Fcategories&post=198"}],"curies":[{"name":"wp","href":"https:\/\/api.w.org\/{rel}","templated":true}]}}