{"id":35,"date":"2021-06-30T19:50:57","date_gmt":"2021-06-30T19:50:57","guid":{"rendered":"https:\/\/karin-single.de\/?page_id=35"},"modified":"2021-11-08T17:14:06","modified_gmt":"2021-11-08T17:14:06","slug":"startseite","status":"publish","type":"page","link":"https:\/\/karin-single.de\/","title":{"rendered":"ZUH\u00d6REN.ENTWICKELN.MACHEN"},"content":{"rendered":"\n<p class=\"has-text-align-center\"><strong>Herzlich Willkommen auf meiner Homepage!<\/strong><\/p>\n\n\n\n<div class=\"wp-block-image\"><figure class=\"alignright size-large is-resized\"><img loading=\"lazy\" decoding=\"async\" src=\"https:\/\/karin-single.de\/wp-content\/uploads\/2021\/07\/IMG_8058-717x1024.jpg\" alt=\"\" class=\"wp-image-94\" width=\"341\" height=\"484\"\/><\/figure><\/div>\n\n\n\n<p><strong>Karin Single<\/strong><\/p>\n\n\n\n<p><strong>Samtgemeindeb\u00fcrgermeisterin Meinersen<\/strong><\/p>\n\n\n\n<p><\/p>\n\n\n\n<p><\/p>\n\n\n\n<p><\/p>\n\n\n\n<p><\/p>\n\n\n\n<p>&#8222;Gute Gr\u00fcnde f\u00fcr die Umsetzung einer Sache finden, Risiken und Argumente abw\u00e4gen und dann gemeinsam das Richtige tun. Demokratie hei\u00dft f\u00fcr mich, in der Auseinandersetzung die besten Argumente suchen.&#8220;<\/p>\n\n\n\n<p class=\"has-text-align-center\"><\/p>\n\n\n\n<figure class=\"wp-block-image size-full is-resized is-style-rounded\"><img loading=\"lazy\" decoding=\"async\" src=\"https:\/\/karin-single.de\/wp-content\/uploads\/2021\/09\/241993648_257666072896016_2713299552519861259_n.jpg\" alt=\"\" class=\"wp-image-288\" width=\"459\" height=\"325\" srcset=\"https:\/\/karin-single.de\/wp-content\/uploads\/2021\/09\/241993648_257666072896016_2713299552519861259_n.jpg 720w, https:\/\/karin-single.de\/wp-content\/uploads\/2021\/09\/241993648_257666072896016_2713299552519861259_n-300x213.jpg 300w\" sizes=\"auto, (max-width: 459px) 100vw, 459px\" \/><\/figure>\n\n\n\n<p class=\"has-text-align-left\"><\/p>\n","protected":false},"excerpt":{"rendered":"<p>Herzlich Willkommen auf meiner Homepage! Karin Single Samtgemeindeb\u00fcrgermeisterin Meinersen &#8222;Gute Gr\u00fcnde f\u00fcr die Umsetzung einer Sache finden, Risiken und Argumente abw\u00e4gen und dann gemeinsam das Richtige tun. Demokratie hei\u00dft f\u00fcr mich, in der Auseinandersetzung die besten Argumente suchen.&#8220;<\/p>\n","protected":false},"author":1,"featured_media":0,"parent":0,"menu_order":0,"comment_status":"closed","ping_status":"closed","template":"","meta":{"footnotes":""},"categories":[6],"class_list":["post-35","page","type-page","status-publish","hentry","category-geschichten"],"_links":{"self":[{"href":"https:\/\/karin-single.de\/index.php?rest_route=\/wp\/v2\/pages\/35","targetHints":{"allow":["GET"]}}],"collection":[{"href":"https:\/\/karin-single.de\/index.php?rest_route=\/wp\/v2\/pages"}],"about":[{"href":"https:\/\/karin-single.de\/index.php?rest_route=\/wp\/v2\/types\/page"}],"author":[{"embeddable":true,"href":"https:\/\/karin-single.de\/index.php?rest_route=\/wp\/v2\/users\/1"}],"replies":[{"embeddable":true,"href":"https:\/\/karin-single.de\/index.php?rest_route=%2Fwp%2Fv2%2Fcomments&post=35"}],"version-history":[{"count":8,"href":"https:\/\/karin-single.de\/index.php?rest_route=\/wp\/v2\/pages\/35\/revisions"}],"predecessor-version":[{"id":327,"href":"https:\/\/karin-single.de\/index.php?rest_route=\/wp\/v2\/pages\/35\/revisions\/327"}],"wp:attachment":[{"href":"https:\/\/karin-single.de\/index.php?rest_route=%2Fwp%2Fv2%2Fmedia&parent=35"}],"wp:term":[{"taxonomy":"category","embeddable":true,"href":"https:\/\/karin-single.de\/index.php?rest_route=%2Fwp%2Fv2%2Fcategories&post=35"}],"curies":[{"name":"wp","href":"https:\/\/api.w.org\/{rel}","templated":true}]}}